{"id":9,"date":"2022-10-20T09:09:24","date_gmt":"2022-10-20T09:09:24","guid":{"rendered":"https:\/\/soulinthekichen.com\/?page_id=9"},"modified":"2024-07-19T09:45:04","modified_gmt":"2024-07-19T09:45:04","slug":"home","status":"publish","type":"page","link":"https:\/\/soulinthekitchen.com\/","title":{"rendered":"Home"},"content":{"rendered":"","protected":false},"excerpt":{"rendered":"","protected":false},"author":1,"featured_media":2868,"parent":0,"menu_order":0,"comment_status":"closed","ping_status":"closed","template":"","meta":{"_acf_changed":false,"footnotes":""},"class_list":["post-9","page","type-page","status-publish","has-post-thumbnail","hentry"],"acf":[],"yoast_head":"<!-- This site is optimized with the Yoast SEO plugin v27.4 - https:\/\/yoast.com\/product\/yoast-seo-wordpress\/ -->\n<title>Home - Soulinthekitchen<\/title>\n<meta name=\"description\" content=\"Soul In The Kitchen es el proyecto donde educo en una alimentaci\u00f3n consciente a trav\u00e9s de la creatividad y una relaci\u00f3n sana con nuestro cuerpo y ecosistema.\" \/>\n<meta name=\"robots\" content=\"index, follow, max-snippet:-1, max-image-preview:large, max-video-preview:-1\" \/>\n<link rel=\"canonical\" href=\"https:\/\/soulinthekitchen.com\/\" \/>\n<meta property=\"og:locale\" content=\"en_US\" \/>\n<meta property=\"og:type\" content=\"article\" \/>\n<meta property=\"og:title\" content=\"Home - Soulinthekitchen\" \/>\n<meta property=\"og:description\" content=\"Soul In The Kitchen es el proyecto donde educo en una alimentaci\u00f3n consciente a trav\u00e9s de la creatividad y una relaci\u00f3n sana con nuestro cuerpo y ecosistema.\" \/>\n<meta property=\"og:url\" content=\"https:\/\/soulinthekitchen.com\/\" \/>\n<meta property=\"og:site_name\" content=\"Soulinthekitchen\" \/>\n<meta property=\"article:publisher\" content=\"https:\/\/www.facebook.com\/soulinthekitchenf\/\" \/>\n<meta property=\"article:modified_time\" content=\"2024-07-19T09:45:04+00:00\" \/>\n<meta property=\"og:image\" content=\"http:\/\/soulinthekitchen.com\/wp-content\/uploads\/2023\/02\/soulinthekitchen-1.png\" \/>\n\t<meta property=\"og:image:width\" content=\"743\" \/>\n\t<meta property=\"og:image:height\" content=\"453\" \/>\n\t<meta property=\"og:image:type\" content=\"image\/png\" \/>\n<meta name=\"twitter:card\" content=\"summary_large_image\" \/>\n<meta name=\"twitter:image\" content=\"https:\/\/soulinthekitchen.com\/wp-content\/uploads\/2023\/02\/soulinthekitchen-1.png\" \/>\n<script type=\"application\/ld+json\" class=\"yoast-schema-graph\">{\"@context\":\"https:\\\/\\\/schema.org\",\"@graph\":[{\"@type\":\"WebPage\",\"@id\":\"https:\\\/\\\/soulinthekitchen.com\\\/\",\"url\":\"https:\\\/\\\/soulinthekitchen.com\\\/\",\"name\":\"Home - Soulinthekitchen\",\"isPartOf\":{\"@id\":\"https:\\\/\\\/soulinthekitchen.com\\\/#website\"},\"primaryImageOfPage\":{\"@id\":\"https:\\\/\\\/soulinthekitchen.com\\\/#primaryimage\"},\"image\":{\"@id\":\"https:\\\/\\\/soulinthekitchen.com\\\/#primaryimage\"},\"thumbnailUrl\":\"https:\\\/\\\/soulinthekitchen.com\\\/wp-content\\\/uploads\\\/2023\\\/02\\\/soulinthekitchen-1.png\",\"datePublished\":\"2022-10-20T09:09:24+00:00\",\"dateModified\":\"2024-07-19T09:45:04+00:00\",\"description\":\"Soul In The Kitchen es el proyecto donde educo en una alimentaci\u00f3n consciente a trav\u00e9s de la creatividad y una relaci\u00f3n sana con nuestro cuerpo y ecosistema.\",\"inLanguage\":\"en-US\",\"potentialAction\":[{\"@type\":\"ReadAction\",\"target\":[\"https:\\\/\\\/soulinthekitchen.com\\\/\"]}]},{\"@type\":\"ImageObject\",\"inLanguage\":\"en-US\",\"@id\":\"https:\\\/\\\/soulinthekitchen.com\\\/#primaryimage\",\"url\":\"https:\\\/\\\/soulinthekitchen.com\\\/wp-content\\\/uploads\\\/2023\\\/02\\\/soulinthekitchen-1.png\",\"contentUrl\":\"https:\\\/\\\/soulinthekitchen.com\\\/wp-content\\\/uploads\\\/2023\\\/02\\\/soulinthekitchen-1.png\",\"width\":743,\"height\":453},{\"@type\":\"WebSite\",\"@id\":\"https:\\\/\\\/soulinthekitchen.com\\\/#website\",\"url\":\"https:\\\/\\\/soulinthekitchen.com\\\/\",\"name\":\"Soulinthekitchen\",\"description\":\"Cocina consciente.\",\"publisher\":{\"@id\":\"https:\\\/\\\/soulinthekitchen.com\\\/#\\\/schema\\\/person\\\/9c10c068d696e8f0cc708955ecc14a3d\"},\"potentialAction\":[{\"@type\":\"SearchAction\",\"target\":{\"@type\":\"EntryPoint\",\"urlTemplate\":\"https:\\\/\\\/soulinthekitchen.com\\\/?s={search_term_string}\"},\"query-input\":{\"@type\":\"PropertyValueSpecification\",\"valueRequired\":true,\"valueName\":\"search_term_string\"}}],\"inLanguage\":\"en-US\"},{\"@type\":[\"Person\",\"Organization\"],\"@id\":\"https:\\\/\\\/soulinthekitchen.com\\\/#\\\/schema\\\/person\\\/9c10c068d696e8f0cc708955ecc14a3d\",\"name\":\"Claudia Polo\",\"image\":{\"@type\":\"ImageObject\",\"inLanguage\":\"en-US\",\"@id\":\"https:\\\/\\\/soulinthekitchen.com\\\/wp-content\\\/uploads\\\/2022\\\/11\\\/logo-registered.svg\",\"url\":\"https:\\\/\\\/soulinthekitchen.com\\\/wp-content\\\/uploads\\\/2022\\\/11\\\/logo-registered.svg\",\"contentUrl\":\"https:\\\/\\\/soulinthekitchen.com\\\/wp-content\\\/uploads\\\/2022\\\/11\\\/logo-registered.svg\",\"width\":1472,\"height\":162,\"caption\":\"Claudia Polo\"},\"logo\":{\"@id\":\"https:\\\/\\\/soulinthekitchen.com\\\/wp-content\\\/uploads\\\/2022\\\/11\\\/logo-registered.svg\"},\"sameAs\":[\"https:\\\/\\\/www.facebook.com\\\/soulinthekitchenf\\\/\",\"https:\\\/\\\/www.instagram.com\\\/soulinthekitchen\\\/\",\"https:\\\/\\\/www.youtube.com\\\/@soulinthekitchen7128\"]}]}<\/script>\n<!-- \/ Yoast SEO plugin. -->","yoast_head_json":{"title":"Home - Soulinthekitchen","description":"Soul In The Kitchen es el proyecto donde educo en una alimentaci\u00f3n consciente a trav\u00e9s de la creatividad y una relaci\u00f3n sana con nuestro cuerpo y ecosistema.","robots":{"index":"index","follow":"follow","max-snippet":"max-snippet:-1","max-image-preview":"max-image-preview:large","max-video-preview":"max-video-preview:-1"},"canonical":"https:\/\/soulinthekitchen.com\/","og_locale":"en_US","og_type":"article","og_title":"Home - Soulinthekitchen","og_description":"Soul In The Kitchen es el proyecto donde educo en una alimentaci\u00f3n consciente a trav\u00e9s de la creatividad y una relaci\u00f3n sana con nuestro cuerpo y ecosistema.","og_url":"https:\/\/soulinthekitchen.com\/","og_site_name":"Soulinthekitchen","article_publisher":"https:\/\/www.facebook.com\/soulinthekitchenf\/","article_modified_time":"2024-07-19T09:45:04+00:00","og_image":[{"width":743,"height":453,"url":"http:\/\/soulinthekitchen.com\/wp-content\/uploads\/2023\/02\/soulinthekitchen-1.png","type":"image\/png"}],"twitter_card":"summary_large_image","twitter_image":"https:\/\/soulinthekitchen.com\/wp-content\/uploads\/2023\/02\/soulinthekitchen-1.png","schema":{"@context":"https:\/\/schema.org","@graph":[{"@type":"WebPage","@id":"https:\/\/soulinthekitchen.com\/","url":"https:\/\/soulinthekitchen.com\/","name":"Home - Soulinthekitchen","isPartOf":{"@id":"https:\/\/soulinthekitchen.com\/#website"},"primaryImageOfPage":{"@id":"https:\/\/soulinthekitchen.com\/#primaryimage"},"image":{"@id":"https:\/\/soulinthekitchen.com\/#primaryimage"},"thumbnailUrl":"https:\/\/soulinthekitchen.com\/wp-content\/uploads\/2023\/02\/soulinthekitchen-1.png","datePublished":"2022-10-20T09:09:24+00:00","dateModified":"2024-07-19T09:45:04+00:00","description":"Soul In The Kitchen es el proyecto donde educo en una alimentaci\u00f3n consciente a trav\u00e9s de la creatividad y una relaci\u00f3n sana con nuestro cuerpo y ecosistema.","inLanguage":"en-US","potentialAction":[{"@type":"ReadAction","target":["https:\/\/soulinthekitchen.com\/"]}]},{"@type":"ImageObject","inLanguage":"en-US","@id":"https:\/\/soulinthekitchen.com\/#primaryimage","url":"https:\/\/soulinthekitchen.com\/wp-content\/uploads\/2023\/02\/soulinthekitchen-1.png","contentUrl":"https:\/\/soulinthekitchen.com\/wp-content\/uploads\/2023\/02\/soulinthekitchen-1.png","width":743,"height":453},{"@type":"WebSite","@id":"https:\/\/soulinthekitchen.com\/#website","url":"https:\/\/soulinthekitchen.com\/","name":"Soulinthekitchen","description":"Cocina consciente.","publisher":{"@id":"https:\/\/soulinthekitchen.com\/#\/schema\/person\/9c10c068d696e8f0cc708955ecc14a3d"},"potentialAction":[{"@type":"SearchAction","target":{"@type":"EntryPoint","urlTemplate":"https:\/\/soulinthekitchen.com\/?s={search_term_string}"},"query-input":{"@type":"PropertyValueSpecification","valueRequired":true,"valueName":"search_term_string"}}],"inLanguage":"en-US"},{"@type":["Person","Organization"],"@id":"https:\/\/soulinthekitchen.com\/#\/schema\/person\/9c10c068d696e8f0cc708955ecc14a3d","name":"Claudia Polo","image":{"@type":"ImageObject","inLanguage":"en-US","@id":"https:\/\/soulinthekitchen.com\/wp-content\/uploads\/2022\/11\/logo-registered.svg","url":"https:\/\/soulinthekitchen.com\/wp-content\/uploads\/2022\/11\/logo-registered.svg","contentUrl":"https:\/\/soulinthekitchen.com\/wp-content\/uploads\/2022\/11\/logo-registered.svg","width":1472,"height":162,"caption":"Claudia Polo"},"logo":{"@id":"https:\/\/soulinthekitchen.com\/wp-content\/uploads\/2022\/11\/logo-registered.svg"},"sameAs":["https:\/\/www.facebook.com\/soulinthekitchenf\/","https:\/\/www.instagram.com\/soulinthekitchen\/","https:\/\/www.youtube.com\/@soulinthekitchen7128"]}]}},"jetpack_sharing_enabled":true,"_links":{"self":[{"href":"https:\/\/soulinthekitchen.com\/index.php\/wp-json\/wp\/v2\/pages\/9","targetHints":{"allow":["GET"]}}],"collection":[{"href":"https:\/\/soulinthekitchen.com\/index.php\/wp-json\/wp\/v2\/pages"}],"about":[{"href":"https:\/\/soulinthekitchen.com\/index.php\/wp-json\/wp\/v2\/types\/page"}],"author":[{"embeddable":true,"href":"https:\/\/soulinthekitchen.com\/index.php\/wp-json\/wp\/v2\/users\/1"}],"replies":[{"embeddable":true,"href":"https:\/\/soulinthekitchen.com\/index.php\/wp-json\/wp\/v2\/comments?post=9"}],"version-history":[{"count":10,"href":"https:\/\/soulinthekitchen.com\/index.php\/wp-json\/wp\/v2\/pages\/9\/revisions"}],"predecessor-version":[{"id":3116,"href":"https:\/\/soulinthekitchen.com\/index.php\/wp-json\/wp\/v2\/pages\/9\/revisions\/3116"}],"wp:featuredmedia":[{"embeddable":true,"href":"https:\/\/soulinthekitchen.com\/index.php\/wp-json\/wp\/v2\/media\/2868"}],"wp:attachment":[{"href":"https:\/\/soulinthekitchen.com\/index.php\/wp-json\/wp\/v2\/media?parent=9"}],"curies":[{"name":"wp","href":"https:\/\/api.w.org\/{rel}","templated":true}]}}