{"id":19,"date":"2022-10-20T09:14:53","date_gmt":"2022-10-20T09:14:53","guid":{"rendered":"https:\/\/soulinthekichen.com\/?page_id=19"},"modified":"2024-07-19T09:51:50","modified_gmt":"2024-07-19T09:51:50","slug":"contacto","status":"publish","type":"page","link":"https:\/\/soulinthekitchen.com\/index.php\/home\/contacto\/","title":{"rendered":"Contacto"},"content":{"rendered":"\t\t<div data-elementor-type=\"wp-page\" data-elementor-id=\"19\" class=\"elementor elementor-19\" data-elementor-post-type=\"page\">\n\t\t\t\t\t\t<section class=\"elementor-section elementor-top-section elementor-element elementor-element-114bd41e elementor-section-boxed elementor-section-height-default elementor-section-height-default\" data-id=\"114bd41e\" data-element_type=\"section\" data-e-type=\"section\">\n\t\t\t\t\t\t<div class=\"elementor-container elementor-column-gap-default\">\n\t\t\t\t\t<div class=\"elementor-column elementor-col-100 elementor-top-column elementor-element elementor-element-7d07fb82\" data-id=\"7d07fb82\" data-element_type=\"column\" data-e-type=\"column\">\n\t\t\t<div class=\"elementor-widget-wrap elementor-element-populated\">\n\t\t\t\t\t\t<div class=\"elementor-element elementor-element-2036f2e2 elementor-widget elementor-widget-text-editor\" data-id=\"2036f2e2\" data-element_type=\"widget\" data-e-type=\"widget\" data-widget_type=\"text-editor.default\">\n\t\t\t\t<div class=\"elementor-widget-container\">\n\t\t\t\t\t\t\t\t\t<p>He estudiado el grado en Gastronom\u00eda y Artes Culinarias en el Basque Culinary Center y a lo largo de estos a\u00f1os he trabajado en Comunicaci\u00f3n Gastron\u00f3mica, como profesora de cocina, en restaurantes y en un bosque sueco donde cocin\u00e1bamos en hogueras junto a un lago. Autora del libro Entorno: un libro para cocinar con lo que te rodea de la editorial Destino y co-autora del libro <a href=\"https:\/\/mananitas-desayunos-y-rituales.myshopify.com\/\">Ma\u00f1anitas: desayunos y rituales<\/a>. Escribo, muchas veces en cuaderno, profesionalmente en El Pa\u00eds Gastro,&nbsp;<a href=\"https:\/\/mananitas-desayunos-y-rituales.myshopify.com\/\">El Comidista<\/a>, <a href=\"https:\/\/plateselector.com\/\">Plateselector<\/a>, Hambre Magazine, Revista Salvaje&#8230; Me gusta hacer cosas con gente, tener ideas y llevarlas a cabo.<\/p>\t\t\t\t\t\t\t\t<\/div>\n\t\t\t\t<\/div>\n\t\t\t\t\t<\/div>\n\t\t<\/div>\n\t\t\t\t\t<\/div>\n\t\t<\/section>\n\t\t\t\t<\/div>\n\t\t","protected":false},"excerpt":{"rendered":"<p>He estudiado el grado en Gastronom\u00eda y Artes Culinarias en el Basque Culinary Center y a lo largo de estos a\u00f1os he trabajado en Comunicaci\u00f3n Gastron\u00f3mica, como profesora de cocina, en restaurantes y en un bosque sueco donde cocin\u00e1bamos en hogueras junto a un lago. Autora del libro Entorno: un libro para cocinar con lo [&hellip;]<\/p>\n","protected":false},"author":1,"featured_media":2300,"parent":9,"menu_order":4,"comment_status":"closed","ping_status":"closed","template":"","meta":{"_acf_changed":false,"footnotes":""},"class_list":["post-19","page","type-page","status-publish","has-post-thumbnail","hentry"],"acf":[],"yoast_head":"<!-- This site is optimized with the Yoast SEO plugin v27.4 - https:\/\/yoast.com\/product\/yoast-seo-wordpress\/ -->\n<title>Contacto - Soulinthekitchen<\/title>\n<meta name=\"description\" content=\"He trabajado para marcas como El Comidista, Ambar u Orchestra Kitchen. Me gusta hacer cosas con gente, tener ideas y llevarlas a cabo.\" \/>\n<meta name=\"robots\" content=\"index, follow, max-snippet:-1, max-image-preview:large, max-video-preview:-1\" \/>\n<link rel=\"canonical\" href=\"https:\/\/soulinthekitchen.com\/index.php\/home\/contacto\/\" \/>\n<meta property=\"og:locale\" content=\"en_US\" \/>\n<meta property=\"og:type\" content=\"article\" \/>\n<meta property=\"og:title\" content=\"Contacto - Soulinthekitchen\" \/>\n<meta property=\"og:description\" content=\"He trabajado para marcas como El Comidista, Ambar u Orchestra Kitchen. Me gusta hacer cosas con gente, tener ideas y llevarlas a cabo.\" \/>\n<meta property=\"og:url\" content=\"https:\/\/soulinthekitchen.com\/index.php\/home\/contacto\/\" \/>\n<meta property=\"og:site_name\" content=\"Soulinthekitchen\" \/>\n<meta property=\"article:publisher\" content=\"https:\/\/www.facebook.com\/soulinthekitchenf\/\" \/>\n<meta property=\"article:modified_time\" content=\"2024-07-19T09:51:50+00:00\" \/>\n<meta property=\"og:image\" content=\"http:\/\/soulinthekitchen.com\/wp-content\/uploads\/2023\/01\/soulinthekitchen-1.png\" \/>\n\t<meta property=\"og:image:width\" content=\"743\" \/>\n\t<meta property=\"og:image:height\" content=\"453\" \/>\n\t<meta property=\"og:image:type\" content=\"image\/png\" \/>\n<meta name=\"twitter:card\" content=\"summary_large_image\" \/>\n<meta name=\"twitter:image\" content=\"https:\/\/soulinthekitchen.com\/wp-content\/uploads\/2023\/01\/soulinthekitchen-1.png\" \/>\n<meta name=\"twitter:label1\" content=\"Est. reading time\" \/>\n\t<meta name=\"twitter:data1\" content=\"1 minute\" \/>\n<script type=\"application\/ld+json\" class=\"yoast-schema-graph\">{\"@context\":\"https:\\\/\\\/schema.org\",\"@graph\":[{\"@type\":\"WebPage\",\"@id\":\"https:\\\/\\\/soulinthekitchen.com\\\/index.php\\\/home\\\/contacto\\\/\",\"url\":\"https:\\\/\\\/soulinthekitchen.com\\\/index.php\\\/home\\\/contacto\\\/\",\"name\":\"Contacto - Soulinthekitchen\",\"isPartOf\":{\"@id\":\"https:\\\/\\\/soulinthekitchen.com\\\/#website\"},\"primaryImageOfPage\":{\"@id\":\"https:\\\/\\\/soulinthekitchen.com\\\/index.php\\\/home\\\/contacto\\\/#primaryimage\"},\"image\":{\"@id\":\"https:\\\/\\\/soulinthekitchen.com\\\/index.php\\\/home\\\/contacto\\\/#primaryimage\"},\"thumbnailUrl\":\"https:\\\/\\\/soulinthekitchen.com\\\/wp-content\\\/uploads\\\/2023\\\/01\\\/soulinthekitchen-1.png\",\"datePublished\":\"2022-10-20T09:14:53+00:00\",\"dateModified\":\"2024-07-19T09:51:50+00:00\",\"description\":\"He trabajado para marcas como El Comidista, Ambar u Orchestra Kitchen. Me gusta hacer cosas con gente, tener ideas y llevarlas a cabo.\",\"breadcrumb\":{\"@id\":\"https:\\\/\\\/soulinthekitchen.com\\\/index.php\\\/home\\\/contacto\\\/#breadcrumb\"},\"inLanguage\":\"en-US\",\"potentialAction\":[{\"@type\":\"ReadAction\",\"target\":[\"https:\\\/\\\/soulinthekitchen.com\\\/index.php\\\/home\\\/contacto\\\/\"]}]},{\"@type\":\"ImageObject\",\"inLanguage\":\"en-US\",\"@id\":\"https:\\\/\\\/soulinthekitchen.com\\\/index.php\\\/home\\\/contacto\\\/#primaryimage\",\"url\":\"https:\\\/\\\/soulinthekitchen.com\\\/wp-content\\\/uploads\\\/2023\\\/01\\\/soulinthekitchen-1.png\",\"contentUrl\":\"https:\\\/\\\/soulinthekitchen.com\\\/wp-content\\\/uploads\\\/2023\\\/01\\\/soulinthekitchen-1.png\",\"width\":743,\"height\":453},{\"@type\":\"BreadcrumbList\",\"@id\":\"https:\\\/\\\/soulinthekitchen.com\\\/index.php\\\/home\\\/contacto\\\/#breadcrumb\",\"itemListElement\":[{\"@type\":\"ListItem\",\"position\":1,\"name\":\"Home\",\"item\":\"https:\\\/\\\/soulinthekitchen.com\\\/\"},{\"@type\":\"ListItem\",\"position\":2,\"name\":\"Contacto\"}]},{\"@type\":\"WebSite\",\"@id\":\"https:\\\/\\\/soulinthekitchen.com\\\/#website\",\"url\":\"https:\\\/\\\/soulinthekitchen.com\\\/\",\"name\":\"Soulinthekitchen\",\"description\":\"Cocina consciente.\",\"publisher\":{\"@id\":\"https:\\\/\\\/soulinthekitchen.com\\\/#\\\/schema\\\/person\\\/9c10c068d696e8f0cc708955ecc14a3d\"},\"potentialAction\":[{\"@type\":\"SearchAction\",\"target\":{\"@type\":\"EntryPoint\",\"urlTemplate\":\"https:\\\/\\\/soulinthekitchen.com\\\/?s={search_term_string}\"},\"query-input\":{\"@type\":\"PropertyValueSpecification\",\"valueRequired\":true,\"valueName\":\"search_term_string\"}}],\"inLanguage\":\"en-US\"},{\"@type\":[\"Person\",\"Organization\"],\"@id\":\"https:\\\/\\\/soulinthekitchen.com\\\/#\\\/schema\\\/person\\\/9c10c068d696e8f0cc708955ecc14a3d\",\"name\":\"Claudia Polo\",\"image\":{\"@type\":\"ImageObject\",\"inLanguage\":\"en-US\",\"@id\":\"https:\\\/\\\/soulinthekitchen.com\\\/wp-content\\\/uploads\\\/2022\\\/11\\\/logo-registered.svg\",\"url\":\"https:\\\/\\\/soulinthekitchen.com\\\/wp-content\\\/uploads\\\/2022\\\/11\\\/logo-registered.svg\",\"contentUrl\":\"https:\\\/\\\/soulinthekitchen.com\\\/wp-content\\\/uploads\\\/2022\\\/11\\\/logo-registered.svg\",\"width\":1472,\"height\":162,\"caption\":\"Claudia Polo\"},\"logo\":{\"@id\":\"https:\\\/\\\/soulinthekitchen.com\\\/wp-content\\\/uploads\\\/2022\\\/11\\\/logo-registered.svg\"},\"sameAs\":[\"https:\\\/\\\/www.facebook.com\\\/soulinthekitchenf\\\/\",\"https:\\\/\\\/www.instagram.com\\\/soulinthekitchen\\\/\",\"https:\\\/\\\/www.youtube.com\\\/@soulinthekitchen7128\"]}]}<\/script>\n<!-- \/ Yoast SEO plugin. -->","yoast_head_json":{"title":"Contacto - Soulinthekitchen","description":"He trabajado para marcas como El Comidista, Ambar u Orchestra Kitchen. Me gusta hacer cosas con gente, tener ideas y llevarlas a cabo.","robots":{"index":"index","follow":"follow","max-snippet":"max-snippet:-1","max-image-preview":"max-image-preview:large","max-video-preview":"max-video-preview:-1"},"canonical":"https:\/\/soulinthekitchen.com\/index.php\/home\/contacto\/","og_locale":"en_US","og_type":"article","og_title":"Contacto - Soulinthekitchen","og_description":"He trabajado para marcas como El Comidista, Ambar u Orchestra Kitchen. Me gusta hacer cosas con gente, tener ideas y llevarlas a cabo.","og_url":"https:\/\/soulinthekitchen.com\/index.php\/home\/contacto\/","og_site_name":"Soulinthekitchen","article_publisher":"https:\/\/www.facebook.com\/soulinthekitchenf\/","article_modified_time":"2024-07-19T09:51:50+00:00","og_image":[{"width":743,"height":453,"url":"http:\/\/soulinthekitchen.com\/wp-content\/uploads\/2023\/01\/soulinthekitchen-1.png","type":"image\/png"}],"twitter_card":"summary_large_image","twitter_image":"https:\/\/soulinthekitchen.com\/wp-content\/uploads\/2023\/01\/soulinthekitchen-1.png","twitter_misc":{"Est. reading time":"1 minute"},"schema":{"@context":"https:\/\/schema.org","@graph":[{"@type":"WebPage","@id":"https:\/\/soulinthekitchen.com\/index.php\/home\/contacto\/","url":"https:\/\/soulinthekitchen.com\/index.php\/home\/contacto\/","name":"Contacto - Soulinthekitchen","isPartOf":{"@id":"https:\/\/soulinthekitchen.com\/#website"},"primaryImageOfPage":{"@id":"https:\/\/soulinthekitchen.com\/index.php\/home\/contacto\/#primaryimage"},"image":{"@id":"https:\/\/soulinthekitchen.com\/index.php\/home\/contacto\/#primaryimage"},"thumbnailUrl":"https:\/\/soulinthekitchen.com\/wp-content\/uploads\/2023\/01\/soulinthekitchen-1.png","datePublished":"2022-10-20T09:14:53+00:00","dateModified":"2024-07-19T09:51:50+00:00","description":"He trabajado para marcas como El Comidista, Ambar u Orchestra Kitchen. Me gusta hacer cosas con gente, tener ideas y llevarlas a cabo.","breadcrumb":{"@id":"https:\/\/soulinthekitchen.com\/index.php\/home\/contacto\/#breadcrumb"},"inLanguage":"en-US","potentialAction":[{"@type":"ReadAction","target":["https:\/\/soulinthekitchen.com\/index.php\/home\/contacto\/"]}]},{"@type":"ImageObject","inLanguage":"en-US","@id":"https:\/\/soulinthekitchen.com\/index.php\/home\/contacto\/#primaryimage","url":"https:\/\/soulinthekitchen.com\/wp-content\/uploads\/2023\/01\/soulinthekitchen-1.png","contentUrl":"https:\/\/soulinthekitchen.com\/wp-content\/uploads\/2023\/01\/soulinthekitchen-1.png","width":743,"height":453},{"@type":"BreadcrumbList","@id":"https:\/\/soulinthekitchen.com\/index.php\/home\/contacto\/#breadcrumb","itemListElement":[{"@type":"ListItem","position":1,"name":"Home","item":"https:\/\/soulinthekitchen.com\/"},{"@type":"ListItem","position":2,"name":"Contacto"}]},{"@type":"WebSite","@id":"https:\/\/soulinthekitchen.com\/#website","url":"https:\/\/soulinthekitchen.com\/","name":"Soulinthekitchen","description":"Cocina consciente.","publisher":{"@id":"https:\/\/soulinthekitchen.com\/#\/schema\/person\/9c10c068d696e8f0cc708955ecc14a3d"},"potentialAction":[{"@type":"SearchAction","target":{"@type":"EntryPoint","urlTemplate":"https:\/\/soulinthekitchen.com\/?s={search_term_string}"},"query-input":{"@type":"PropertyValueSpecification","valueRequired":true,"valueName":"search_term_string"}}],"inLanguage":"en-US"},{"@type":["Person","Organization"],"@id":"https:\/\/soulinthekitchen.com\/#\/schema\/person\/9c10c068d696e8f0cc708955ecc14a3d","name":"Claudia Polo","image":{"@type":"ImageObject","inLanguage":"en-US","@id":"https:\/\/soulinthekitchen.com\/wp-content\/uploads\/2022\/11\/logo-registered.svg","url":"https:\/\/soulinthekitchen.com\/wp-content\/uploads\/2022\/11\/logo-registered.svg","contentUrl":"https:\/\/soulinthekitchen.com\/wp-content\/uploads\/2022\/11\/logo-registered.svg","width":1472,"height":162,"caption":"Claudia Polo"},"logo":{"@id":"https:\/\/soulinthekitchen.com\/wp-content\/uploads\/2022\/11\/logo-registered.svg"},"sameAs":["https:\/\/www.facebook.com\/soulinthekitchenf\/","https:\/\/www.instagram.com\/soulinthekitchen\/","https:\/\/www.youtube.com\/@soulinthekitchen7128"]}]}},"jetpack_sharing_enabled":true,"_links":{"self":[{"href":"https:\/\/soulinthekitchen.com\/index.php\/wp-json\/wp\/v2\/pages\/19","targetHints":{"allow":["GET"]}}],"collection":[{"href":"https:\/\/soulinthekitchen.com\/index.php\/wp-json\/wp\/v2\/pages"}],"about":[{"href":"https:\/\/soulinthekitchen.com\/index.php\/wp-json\/wp\/v2\/types\/page"}],"author":[{"embeddable":true,"href":"https:\/\/soulinthekitchen.com\/index.php\/wp-json\/wp\/v2\/users\/1"}],"replies":[{"embeddable":true,"href":"https:\/\/soulinthekitchen.com\/index.php\/wp-json\/wp\/v2\/comments?post=19"}],"version-history":[{"count":11,"href":"https:\/\/soulinthekitchen.com\/index.php\/wp-json\/wp\/v2\/pages\/19\/revisions"}],"predecessor-version":[{"id":3122,"href":"https:\/\/soulinthekitchen.com\/index.php\/wp-json\/wp\/v2\/pages\/19\/revisions\/3122"}],"up":[{"embeddable":true,"href":"https:\/\/soulinthekitchen.com\/index.php\/wp-json\/wp\/v2\/pages\/9"}],"wp:featuredmedia":[{"embeddable":true,"href":"https:\/\/soulinthekitchen.com\/index.php\/wp-json\/wp\/v2\/media\/2300"}],"wp:attachment":[{"href":"https:\/\/soulinthekitchen.com\/index.php\/wp-json\/wp\/v2\/media?parent=19"}],"curies":[{"name":"wp","href":"https:\/\/api.w.org\/{rel}","templated":true}]}}