{"id":13,"date":"2022-10-20T09:13:33","date_gmt":"2022-10-20T09:13:33","guid":{"rendered":"https:\/\/soulinthekichen.com\/?page_id=13"},"modified":"2023-01-31T12:20:24","modified_gmt":"2023-01-31T12:20:24","slug":"manifiesto","status":"publish","type":"page","link":"https:\/\/soulinthekitchen.com\/index.php\/home\/manifiesto\/","title":{"rendered":"Manifiesto"},"content":{"rendered":"\t\t<div data-elementor-type=\"wp-page\" data-elementor-id=\"13\" class=\"elementor elementor-13\" data-elementor-post-type=\"page\">\n\t\t\t\t\t\t<section class=\"elementor-section elementor-top-section elementor-element elementor-element-77ed0d65 elementor-section-boxed elementor-section-height-default elementor-section-height-default\" data-id=\"77ed0d65\" data-element_type=\"section\" data-e-type=\"section\">\n\t\t\t\t\t\t<div class=\"elementor-container elementor-column-gap-default\">\n\t\t\t\t\t<div class=\"elementor-column elementor-col-100 elementor-top-column elementor-element elementor-element-33fdd501\" data-id=\"33fdd501\" data-element_type=\"column\" data-e-type=\"column\">\n\t\t\t<div class=\"elementor-widget-wrap elementor-element-populated\">\n\t\t\t\t\t\t<div class=\"elementor-element elementor-element-675916d0 elementor-widget elementor-widget-text-editor\" data-id=\"675916d0\" data-element_type=\"widget\" data-e-type=\"widget\" data-widget_type=\"text-editor.default\">\n\t\t\t\t<div class=\"elementor-widget-container\">\n\t\t\t\t\t\t\t\t\t\r\n<p>Comer es comer. Pero resulta que, si prestas un poco de atenci\u00f3n y lo haces despacio, tambi\u00e9n es la manera m\u00e1s natural de relacionarnos con nosotrxs mismxs, con nuestro entorno, con la ra\u00edz. Es cultura, pol\u00edtica, historia. Una historia propia y profunda, un patrimonio. Comer es una mesa y las sillas ocupadas a su alrededor. Un regalo. La sobremesa. Bares llenos de gente y servilletas en el suelo. Es querer cuidar al otro. Las manos en la tierra y la posibilidad de hacer las cosas mejor. Y una canci\u00f3n.<\/p>\r\n\r\n\r\n\r\n<p>Comer empieza bajo el suelo. En silencio. Donde ocurren cosas m\u00e1gicas y se ordenan las energ\u00edas que siempre han estado unidas de forma correcta. Entender, reaprender y agradecer. Cuanto m\u00e1s lo hagamos, m\u00e1s cerca estaremos de esa naturaleza primaria. Por eso, conocer el origen de lo que comemos, su sentido en el ecosistema global, es el primer paso hacia una alimentaci\u00f3n consciente. La vida crece hacia arriba y hacia abajo. Cada cosa a su tiempo.<\/p>\r\n\r\n\r\n\r\n<p>Sin embargo, casi siempre, el primer contacto que tenemos con la comida es a la hora de la compra. Lo que cabe en el carrito, vale m\u00e1s que un voto. Y es que las elecciones que realizamos cuando compramos alimentos, tienen mucho poder. Comer nos da, de repente cuando empezamos a querer entender, la opci\u00f3n de elegir las consecuencias que tiene lo que ponemos sobre el plato. Para quienes habitamos la ciudad, todav\u00eda es posible encontrar la manera de acercar la tierra a nuestras cocinas. Normalmente donde suenan los buenos d\u00edas y hay muchos colores.<\/p>\r\n\r\n\r\n\r\n<p>\u00bfY si tuvi\u00e9ramos que llevar nuestra comida desde d\u00f3nde crece a nuestra casa en bicicleta?<\/p>\r\n\r\n\r\n\r\n<p>Y en la mesa\u2026 en la mesa se junta todo lo anterior y se convierte en costumbre, tradici\u00f3n. En un momento propio, especial y \u00fanico cada vez que se extiende el mantel. Todo habla un mismo lenguaje y, sin quererlo, lo comprendemos. Sobre ella pasan cosas, se desentierran historias, se cierran negocios y se crean planes. Cocinar es el acto de amor m\u00e1s sincero: te cuido, me cuido, quiero que disfrutes y te nutras. Es donde acaba todo, pero tambi\u00e9n donde puede volver a empezar.<\/p>\r\n\t\t\t\t\t\t\t\t<\/div>\n\t\t\t\t<\/div>\n\t\t\t\t\t<\/div>\n\t\t<\/div>\n\t\t\t\t\t<\/div>\n\t\t<\/section>\n\t\t\t\t<section class=\"elementor-section elementor-top-section elementor-element elementor-element-1cb02ac elementor-section-boxed elementor-section-height-default elementor-section-height-default\" data-id=\"1cb02ac\" data-element_type=\"section\" data-e-type=\"section\">\n\t\t\t\t\t\t<div class=\"elementor-container elementor-column-gap-default\">\n\t\t\t\t\t<div class=\"elementor-column elementor-col-50 elementor-top-column elementor-element elementor-element-76cd000\" data-id=\"76cd000\" data-element_type=\"column\" data-e-type=\"column\">\n\t\t\t<div class=\"elementor-widget-wrap\">\n\t\t\t\t\t\t\t<\/div>\n\t\t<\/div>\n\t\t\t\t<div class=\"elementor-column elementor-col-50 elementor-top-column elementor-element elementor-element-153cded\" data-id=\"153cded\" data-element_type=\"column\" data-e-type=\"column\">\n\t\t\t<div class=\"elementor-widget-wrap\">\n\t\t\t\t\t\t\t<\/div>\n\t\t<\/div>\n\t\t\t\t\t<\/div>\n\t\t<\/section>\n\t\t\t\t<\/div>\n\t\t","protected":false},"excerpt":{"rendered":"<p>Comer es comer. Pero resulta que, si prestas un poco de atenci\u00f3n y lo haces despacio, tambi\u00e9n es la manera m\u00e1s natural de relacionarnos con nosotrxs mismxs, con nuestro entorno, con la ra\u00edz. Es cultura, pol\u00edtica, historia. Una historia propia y profunda, un patrimonio. Comer es una mesa y las sillas ocupadas a su alrededor. [&hellip;]<\/p>\n","protected":false},"author":1,"featured_media":85,"parent":9,"menu_order":1,"comment_status":"closed","ping_status":"closed","template":"","meta":{"_acf_changed":false,"footnotes":""},"class_list":["post-13","page","type-page","status-publish","has-post-thumbnail","hentry"],"acf":[],"yoast_head":"<!-- This site is optimized with the Yoast SEO plugin v27.5 - https:\/\/yoast.com\/product\/yoast-seo-wordpress\/ -->\n<title>Manifiesto - Soulinthekitchen<\/title>\n<meta name=\"description\" content=\"Comer es comer. Pero si prestas un poco de atenci\u00f3n, tambi\u00e9n es la manera m\u00e1s natural de relacionarnos con nosotras mismas y nuestro entorno.\" \/>\n<meta name=\"robots\" content=\"index, follow, max-snippet:-1, max-image-preview:large, max-video-preview:-1\" \/>\n<link rel=\"canonical\" href=\"https:\/\/soulinthekitchen.com\/index.php\/home\/manifiesto\/\" \/>\n<meta property=\"og:locale\" content=\"en_US\" \/>\n<meta property=\"og:type\" content=\"article\" \/>\n<meta property=\"og:title\" content=\"Manifiesto - Soulinthekitchen\" \/>\n<meta property=\"og:description\" content=\"Comer es comer. Pero si prestas un poco de atenci\u00f3n, tambi\u00e9n es la manera m\u00e1s natural de relacionarnos con nosotras mismas y nuestro entorno.\" \/>\n<meta property=\"og:url\" content=\"https:\/\/soulinthekitchen.com\/index.php\/home\/manifiesto\/\" \/>\n<meta property=\"og:site_name\" content=\"Soulinthekitchen\" \/>\n<meta property=\"article:publisher\" content=\"https:\/\/www.facebook.com\/soulinthekitchenf\/\" \/>\n<meta property=\"article:modified_time\" content=\"2023-01-31T12:20:24+00:00\" \/>\n<meta property=\"og:image\" content=\"http:\/\/soulinthekitchen.com\/wp-content\/uploads\/2022\/10\/07-18-1.jpg\" \/>\n\t<meta property=\"og:image:width\" content=\"550\" \/>\n\t<meta property=\"og:image:height\" content=\"369\" \/>\n\t<meta property=\"og:image:type\" content=\"image\/jpeg\" \/>\n<meta name=\"twitter:card\" content=\"summary_large_image\" \/>\n<meta name=\"twitter:image\" content=\"https:\/\/soulinthekitchen.com\/wp-content\/uploads\/2022\/10\/07-18-1.jpg\" \/>\n<script type=\"application\/ld+json\" class=\"yoast-schema-graph\">{\"@context\":\"https:\\\/\\\/schema.org\",\"@graph\":[{\"@type\":\"WebPage\",\"@id\":\"https:\\\/\\\/soulinthekitchen.com\\\/index.php\\\/home\\\/manifiesto\\\/\",\"url\":\"https:\\\/\\\/soulinthekitchen.com\\\/index.php\\\/home\\\/manifiesto\\\/\",\"name\":\"Manifiesto - Soulinthekitchen\",\"isPartOf\":{\"@id\":\"https:\\\/\\\/soulinthekitchen.com\\\/#website\"},\"primaryImageOfPage\":{\"@id\":\"https:\\\/\\\/soulinthekitchen.com\\\/index.php\\\/home\\\/manifiesto\\\/#primaryimage\"},\"image\":{\"@id\":\"https:\\\/\\\/soulinthekitchen.com\\\/index.php\\\/home\\\/manifiesto\\\/#primaryimage\"},\"thumbnailUrl\":\"https:\\\/\\\/soulinthekitchen.com\\\/wp-content\\\/uploads\\\/2022\\\/10\\\/07-18-1.jpg\",\"datePublished\":\"2022-10-20T09:13:33+00:00\",\"dateModified\":\"2023-01-31T12:20:24+00:00\",\"description\":\"Comer es comer. Pero si prestas un poco de atenci\u00f3n, tambi\u00e9n es la manera m\u00e1s natural de relacionarnos con nosotras mismas y nuestro entorno.\",\"breadcrumb\":{\"@id\":\"https:\\\/\\\/soulinthekitchen.com\\\/index.php\\\/home\\\/manifiesto\\\/#breadcrumb\"},\"inLanguage\":\"en-US\",\"potentialAction\":[{\"@type\":\"ReadAction\",\"target\":[\"https:\\\/\\\/soulinthekitchen.com\\\/index.php\\\/home\\\/manifiesto\\\/\"]}]},{\"@type\":\"ImageObject\",\"inLanguage\":\"en-US\",\"@id\":\"https:\\\/\\\/soulinthekitchen.com\\\/index.php\\\/home\\\/manifiesto\\\/#primaryimage\",\"url\":\"https:\\\/\\\/soulinthekitchen.com\\\/wp-content\\\/uploads\\\/2022\\\/10\\\/07-18-1.jpg\",\"contentUrl\":\"https:\\\/\\\/soulinthekitchen.com\\\/wp-content\\\/uploads\\\/2022\\\/10\\\/07-18-1.jpg\",\"width\":550,\"height\":369,\"caption\":\"Manifiesto - bici\"},{\"@type\":\"BreadcrumbList\",\"@id\":\"https:\\\/\\\/soulinthekitchen.com\\\/index.php\\\/home\\\/manifiesto\\\/#breadcrumb\",\"itemListElement\":[{\"@type\":\"ListItem\",\"position\":1,\"name\":\"Home\",\"item\":\"https:\\\/\\\/soulinthekitchen.com\\\/\"},{\"@type\":\"ListItem\",\"position\":2,\"name\":\"Manifiesto\"}]},{\"@type\":\"WebSite\",\"@id\":\"https:\\\/\\\/soulinthekitchen.com\\\/#website\",\"url\":\"https:\\\/\\\/soulinthekitchen.com\\\/\",\"name\":\"Soulinthekitchen\",\"description\":\"Cocina consciente.\",\"publisher\":{\"@id\":\"https:\\\/\\\/soulinthekitchen.com\\\/#\\\/schema\\\/person\\\/9c10c068d696e8f0cc708955ecc14a3d\"},\"potentialAction\":[{\"@type\":\"SearchAction\",\"target\":{\"@type\":\"EntryPoint\",\"urlTemplate\":\"https:\\\/\\\/soulinthekitchen.com\\\/?s={search_term_string}\"},\"query-input\":{\"@type\":\"PropertyValueSpecification\",\"valueRequired\":true,\"valueName\":\"search_term_string\"}}],\"inLanguage\":\"en-US\"},{\"@type\":[\"Person\",\"Organization\"],\"@id\":\"https:\\\/\\\/soulinthekitchen.com\\\/#\\\/schema\\\/person\\\/9c10c068d696e8f0cc708955ecc14a3d\",\"name\":\"Claudia Polo\",\"image\":{\"@type\":\"ImageObject\",\"inLanguage\":\"en-US\",\"@id\":\"https:\\\/\\\/soulinthekitchen.com\\\/wp-content\\\/uploads\\\/2022\\\/11\\\/logo-registered.svg\",\"url\":\"https:\\\/\\\/soulinthekitchen.com\\\/wp-content\\\/uploads\\\/2022\\\/11\\\/logo-registered.svg\",\"contentUrl\":\"https:\\\/\\\/soulinthekitchen.com\\\/wp-content\\\/uploads\\\/2022\\\/11\\\/logo-registered.svg\",\"width\":1472,\"height\":162,\"caption\":\"Claudia Polo\"},\"logo\":{\"@id\":\"https:\\\/\\\/soulinthekitchen.com\\\/wp-content\\\/uploads\\\/2022\\\/11\\\/logo-registered.svg\"},\"sameAs\":[\"https:\\\/\\\/www.facebook.com\\\/soulinthekitchenf\\\/\",\"https:\\\/\\\/www.instagram.com\\\/soulinthekitchen\\\/\",\"https:\\\/\\\/www.youtube.com\\\/@soulinthekitchen7128\"]}]}<\/script>\n<!-- \/ Yoast SEO plugin. -->","yoast_head_json":{"title":"Manifiesto - Soulinthekitchen","description":"Comer es comer. Pero si prestas un poco de atenci\u00f3n, tambi\u00e9n es la manera m\u00e1s natural de relacionarnos con nosotras mismas y nuestro entorno.","robots":{"index":"index","follow":"follow","max-snippet":"max-snippet:-1","max-image-preview":"max-image-preview:large","max-video-preview":"max-video-preview:-1"},"canonical":"https:\/\/soulinthekitchen.com\/index.php\/home\/manifiesto\/","og_locale":"en_US","og_type":"article","og_title":"Manifiesto - Soulinthekitchen","og_description":"Comer es comer. Pero si prestas un poco de atenci\u00f3n, tambi\u00e9n es la manera m\u00e1s natural de relacionarnos con nosotras mismas y nuestro entorno.","og_url":"https:\/\/soulinthekitchen.com\/index.php\/home\/manifiesto\/","og_site_name":"Soulinthekitchen","article_publisher":"https:\/\/www.facebook.com\/soulinthekitchenf\/","article_modified_time":"2023-01-31T12:20:24+00:00","og_image":[{"width":550,"height":369,"url":"http:\/\/soulinthekitchen.com\/wp-content\/uploads\/2022\/10\/07-18-1.jpg","type":"image\/jpeg"}],"twitter_card":"summary_large_image","twitter_image":"https:\/\/soulinthekitchen.com\/wp-content\/uploads\/2022\/10\/07-18-1.jpg","schema":{"@context":"https:\/\/schema.org","@graph":[{"@type":"WebPage","@id":"https:\/\/soulinthekitchen.com\/index.php\/home\/manifiesto\/","url":"https:\/\/soulinthekitchen.com\/index.php\/home\/manifiesto\/","name":"Manifiesto - Soulinthekitchen","isPartOf":{"@id":"https:\/\/soulinthekitchen.com\/#website"},"primaryImageOfPage":{"@id":"https:\/\/soulinthekitchen.com\/index.php\/home\/manifiesto\/#primaryimage"},"image":{"@id":"https:\/\/soulinthekitchen.com\/index.php\/home\/manifiesto\/#primaryimage"},"thumbnailUrl":"https:\/\/soulinthekitchen.com\/wp-content\/uploads\/2022\/10\/07-18-1.jpg","datePublished":"2022-10-20T09:13:33+00:00","dateModified":"2023-01-31T12:20:24+00:00","description":"Comer es comer. Pero si prestas un poco de atenci\u00f3n, tambi\u00e9n es la manera m\u00e1s natural de relacionarnos con nosotras mismas y nuestro entorno.","breadcrumb":{"@id":"https:\/\/soulinthekitchen.com\/index.php\/home\/manifiesto\/#breadcrumb"},"inLanguage":"en-US","potentialAction":[{"@type":"ReadAction","target":["https:\/\/soulinthekitchen.com\/index.php\/home\/manifiesto\/"]}]},{"@type":"ImageObject","inLanguage":"en-US","@id":"https:\/\/soulinthekitchen.com\/index.php\/home\/manifiesto\/#primaryimage","url":"https:\/\/soulinthekitchen.com\/wp-content\/uploads\/2022\/10\/07-18-1.jpg","contentUrl":"https:\/\/soulinthekitchen.com\/wp-content\/uploads\/2022\/10\/07-18-1.jpg","width":550,"height":369,"caption":"Manifiesto - bici"},{"@type":"BreadcrumbList","@id":"https:\/\/soulinthekitchen.com\/index.php\/home\/manifiesto\/#breadcrumb","itemListElement":[{"@type":"ListItem","position":1,"name":"Home","item":"https:\/\/soulinthekitchen.com\/"},{"@type":"ListItem","position":2,"name":"Manifiesto"}]},{"@type":"WebSite","@id":"https:\/\/soulinthekitchen.com\/#website","url":"https:\/\/soulinthekitchen.com\/","name":"Soulinthekitchen","description":"Cocina consciente.","publisher":{"@id":"https:\/\/soulinthekitchen.com\/#\/schema\/person\/9c10c068d696e8f0cc708955ecc14a3d"},"potentialAction":[{"@type":"SearchAction","target":{"@type":"EntryPoint","urlTemplate":"https:\/\/soulinthekitchen.com\/?s={search_term_string}"},"query-input":{"@type":"PropertyValueSpecification","valueRequired":true,"valueName":"search_term_string"}}],"inLanguage":"en-US"},{"@type":["Person","Organization"],"@id":"https:\/\/soulinthekitchen.com\/#\/schema\/person\/9c10c068d696e8f0cc708955ecc14a3d","name":"Claudia Polo","image":{"@type":"ImageObject","inLanguage":"en-US","@id":"https:\/\/soulinthekitchen.com\/wp-content\/uploads\/2022\/11\/logo-registered.svg","url":"https:\/\/soulinthekitchen.com\/wp-content\/uploads\/2022\/11\/logo-registered.svg","contentUrl":"https:\/\/soulinthekitchen.com\/wp-content\/uploads\/2022\/11\/logo-registered.svg","width":1472,"height":162,"caption":"Claudia Polo"},"logo":{"@id":"https:\/\/soulinthekitchen.com\/wp-content\/uploads\/2022\/11\/logo-registered.svg"},"sameAs":["https:\/\/www.facebook.com\/soulinthekitchenf\/","https:\/\/www.instagram.com\/soulinthekitchen\/","https:\/\/www.youtube.com\/@soulinthekitchen7128"]}]}},"jetpack_sharing_enabled":true,"_links":{"self":[{"href":"https:\/\/soulinthekitchen.com\/index.php\/wp-json\/wp\/v2\/pages\/13","targetHints":{"allow":["GET"]}}],"collection":[{"href":"https:\/\/soulinthekitchen.com\/index.php\/wp-json\/wp\/v2\/pages"}],"about":[{"href":"https:\/\/soulinthekitchen.com\/index.php\/wp-json\/wp\/v2\/types\/page"}],"author":[{"embeddable":true,"href":"https:\/\/soulinthekitchen.com\/index.php\/wp-json\/wp\/v2\/users\/1"}],"replies":[{"embeddable":true,"href":"https:\/\/soulinthekitchen.com\/index.php\/wp-json\/wp\/v2\/comments?post=13"}],"version-history":[{"count":9,"href":"https:\/\/soulinthekitchen.com\/index.php\/wp-json\/wp\/v2\/pages\/13\/revisions"}],"predecessor-version":[{"id":2380,"href":"https:\/\/soulinthekitchen.com\/index.php\/wp-json\/wp\/v2\/pages\/13\/revisions\/2380"}],"up":[{"embeddable":true,"href":"https:\/\/soulinthekitchen.com\/index.php\/wp-json\/wp\/v2\/pages\/9"}],"wp:featuredmedia":[{"embeddable":true,"href":"https:\/\/soulinthekitchen.com\/index.php\/wp-json\/wp\/v2\/media\/85"}],"wp:attachment":[{"href":"https:\/\/soulinthekitchen.com\/index.php\/wp-json\/wp\/v2\/media?parent=13"}],"curies":[{"name":"wp","href":"https:\/\/api.w.org\/{rel}","templated":true}]}}